{"id":105,"date":"2021-01-20T22:50:34","date_gmt":"2021-01-20T21:50:34","guid":{"rendered":"https:\/\/historisches-archiv.de\/ha1\/?page_id=105"},"modified":"2025-02-11T00:10:36","modified_gmt":"2025-02-10T23:10:36","slug":"in-liebevollem-gedenken","status":"publish","type":"page","link":"https:\/\/historisches-bucharchiv.de\/hb1\/in-liebevollem-gedenken\/","title":{"rendered":"Brigitte Hirschmann \u2020"},"content":{"rendered":"\n<h2 class=\"wp-block-heading has-text-align-center\">        <strong>In liebevollem Gedenken<\/strong><\/h2>\n\n\n\n<div class=\"wp-block-media-text alignwide is-stacked-on-mobile\" style=\"grid-template-columns:32% auto\"><figure class=\"wp-block-media-text__media\"><img loading=\"lazy\" decoding=\"async\" width=\"747\" height=\"1024\" src=\"https:\/\/historisches-bucharchiv.de\/hb1\/wp-content\/uploads\/2021\/01\/img-20200531-105754-1-e1611178250187-747x1024.jpg\" alt=\"\" class=\"wp-image-108 size-full\" srcset=\"https:\/\/historisches-bucharchiv.de\/hb1\/wp-content\/uploads\/2021\/01\/img-20200531-105754-1-e1611178250187-747x1024.jpg 747w, https:\/\/historisches-bucharchiv.de\/hb1\/wp-content\/uploads\/2021\/01\/img-20200531-105754-1-e1611178250187-219x300.jpg 219w, https:\/\/historisches-bucharchiv.de\/hb1\/wp-content\/uploads\/2021\/01\/img-20200531-105754-1-e1611178250187-560x768.jpg 560w, https:\/\/historisches-bucharchiv.de\/hb1\/wp-content\/uploads\/2021\/01\/img-20200531-105754-1-e1611178250187-1120x1536.jpg 1120w, https:\/\/historisches-bucharchiv.de\/hb1\/wp-content\/uploads\/2021\/01\/img-20200531-105754-1-e1611178250187-1494x2048.jpg 1494w, https:\/\/historisches-bucharchiv.de\/hb1\/wp-content\/uploads\/2021\/01\/img-20200531-105754-1-e1611178250187.jpg 1606w\" sizes=\"auto, (max-width: 747px) 100vw, 747px\" \/><\/figure><div class=\"wp-block-media-text__content\">\n<p>Brigitte Hirschmann (geb. Groth) wurde in den Kriegsjahren geboren und wuchs in L\u00fctzen auf. Fr\u00fch zeigten sich verschiedene Begabungen, spielte sie u. a. mehrere Instrumente, doch galt ihr haupts\u00e4chliches Interesse der Literatur sowie Leipziger Stadtgeschichte. Als gesch\u00e4tzte Lehrerin und herzensgute Mutter vermittelte sie stets, den ideellen Wert in den Dingen zu sehen und zu sch\u00e4tzen.<\/p>\n\n\n\n<p>So setzte sie sich leidenschaftlich f\u00fcr die Bewahrung historischer Zeitzeugnisse ein und war ma\u00dfgeblich am Entstehen der Buchreihe &#8222;Auf historischen Spuren&#8220; beteiligt.<\/p>\n\n\n\n<p>In Wertsch\u00e4tzung, Dankbarkeit und Liebe setzen ihre Kinder die Reihe fort, um die ihnen geschenkte Liebe zu B\u00fcchern und zur Stadt Leipzig weiterzutragen und ihr Wirken \u00fcber heutige Generationen hinaus lebendig zu halten.<\/p>\n<\/div><\/div>\n\n\n\n<p class=\"has-small-font-size\">(c) Privatarchiv<\/p>\n\n\n\n<p><\/p>\n\n\n\n<div class=\"wp-block-media-text alignwide has-media-on-the-right is-stacked-on-mobile\" style=\"grid-template-columns:auto 32%\"><div class=\"wp-block-media-text__content\">\n<p>Brigitte Hirschmann lebte viele Jahre in ihrer geliebten Stadt Leipzig, die sie f\u00fcr ihre Kinder mit ihnen verlie\u00df und bis zum letzten Tag auf eine gemeinsame R\u00fcckkehr hoffte. Leider war ihr das zu Lebzeiten nicht geg\u00f6nnt. Ihre letzte Ruhest\u00e4tte fand sie im Familiengrab auf dem Friedhof in Leipzig-Gohlis.<\/p>\n\n\n\n<p class=\"has-text-align-center\">1939-2019<br><\/p>\n<\/div><figure class=\"wp-block-media-text__media\"><img loading=\"lazy\" decoding=\"async\" width=\"768\" height=\"1024\" src=\"https:\/\/historisches-bucharchiv.de\/hb1\/wp-content\/uploads\/2021\/01\/img-20201206-092337-768x1024.jpg\" alt=\"\" class=\"wp-image-123 size-full\" srcset=\"https:\/\/historisches-bucharchiv.de\/hb1\/wp-content\/uploads\/2021\/01\/img-20201206-092337-768x1024.jpg 768w, https:\/\/historisches-bucharchiv.de\/hb1\/wp-content\/uploads\/2021\/01\/img-20201206-092337-225x300.jpg 225w, https:\/\/historisches-bucharchiv.de\/hb1\/wp-content\/uploads\/2021\/01\/img-20201206-092337-576x768.jpg 576w, https:\/\/historisches-bucharchiv.de\/hb1\/wp-content\/uploads\/2021\/01\/img-20201206-092337-1152x1536.jpg 1152w, https:\/\/historisches-bucharchiv.de\/hb1\/wp-content\/uploads\/2021\/01\/img-20201206-092337-1536x2048.jpg 1536w, https:\/\/historisches-bucharchiv.de\/hb1\/wp-content\/uploads\/2021\/01\/img-20201206-092337.jpg 1920w\" sizes=\"auto, (max-width: 768px) 100vw, 768px\" \/><\/figure><\/div>\n\n\n\n<p class=\"has-text-align-right has-small-font-size\">(c) Privatarchiv<\/p>\n","protected":false},"excerpt":{"rendered":"<p>In liebevollem Gedenken Brigitte Hirschmann (geb. Groth) wurde in den Kriegsjahren geboren und wuchs in L\u00fctzen auf. Fr\u00fch zeigten sich verschiedene Begabungen, spielte sie u. a. mehrere Instrumente, doch galt ihr haupts\u00e4chliches Interesse der Literatur sowie Leipziger Stadtgeschichte. Als gesch\u00e4tzte Lehrerin und herzensgute Mutter vermittelte sie stets, den ideellen Wert in den Dingen zu sehen [&hellip;]<\/p>\n","protected":false},"author":1,"featured_media":0,"parent":0,"menu_order":8,"comment_status":"closed","ping_status":"closed","template":"","meta":{"zakra_page_container_layout":"customizer","zakra_page_sidebar_layout":"customizer","zakra_remove_content_margin":false,"zakra_sidebar":"customizer","zakra_transparent_header":"customizer","zakra_logo":0,"zakra_main_header_style":"default","zakra_menu_item_color":"","zakra_menu_item_hover_color":"","zakra_menu_item_active_color":"","zakra_menu_active_style":"","zakra_page_header":true,"iawp_total_views":7,"footnotes":""},"categories":[309],"tags":[],"class_list":["post-105","page","type-page","status-publish","hentry","category-website"],"_links":{"self":[{"href":"https:\/\/historisches-bucharchiv.de\/hb1\/wp-json\/wp\/v2\/pages\/105","targetHints":{"allow":["GET"]}}],"collection":[{"href":"https:\/\/historisches-bucharchiv.de\/hb1\/wp-json\/wp\/v2\/pages"}],"about":[{"href":"https:\/\/historisches-bucharchiv.de\/hb1\/wp-json\/wp\/v2\/types\/page"}],"author":[{"embeddable":true,"href":"https:\/\/historisches-bucharchiv.de\/hb1\/wp-json\/wp\/v2\/users\/1"}],"replies":[{"embeddable":true,"href":"https:\/\/historisches-bucharchiv.de\/hb1\/wp-json\/wp\/v2\/comments?post=105"}],"version-history":[{"count":8,"href":"https:\/\/historisches-bucharchiv.de\/hb1\/wp-json\/wp\/v2\/pages\/105\/revisions"}],"predecessor-version":[{"id":1961,"href":"https:\/\/historisches-bucharchiv.de\/hb1\/wp-json\/wp\/v2\/pages\/105\/revisions\/1961"}],"wp:attachment":[{"href":"https:\/\/historisches-bucharchiv.de\/hb1\/wp-json\/wp\/v2\/media?parent=105"}],"wp:term":[{"taxonomy":"category","embeddable":true,"href":"https:\/\/historisches-bucharchiv.de\/hb1\/wp-json\/wp\/v2\/categories?post=105"},{"taxonomy":"post_tag","embeddable":true,"href":"https:\/\/historisches-bucharchiv.de\/hb1\/wp-json\/wp\/v2\/tags?post=105"}],"curies":[{"name":"wp","href":"https:\/\/api.w.org\/{rel}","templated":true}]}}