{"id":1066,"date":"2024-03-21T12:45:09","date_gmt":"2024-03-21T11:45:09","guid":{"rendered":"https:\/\/historisches-archiv.de\/ha1\/?page_id=1066"},"modified":"2026-03-23T18:34:39","modified_gmt":"2026-03-23T17:34:39","slug":"team","status":"publish","type":"page","link":"https:\/\/historisches-bucharchiv.de\/hb1\/team\/","title":{"rendered":"Wir \u00fcber uns"},"content":{"rendered":"\n<div class=\"wp-block-media-text is-stacked-on-mobile\" style=\"grid-template-columns:31% auto\"><figure class=\"wp-block-media-text__media\"><img loading=\"lazy\" decoding=\"async\" width=\"621\" height=\"640\" src=\"https:\/\/historisches-bucharchiv.de\/hb1\/wp-content\/uploads\/2024\/03\/ink-4109199-640.jpg\" alt=\"Grafik Tinte\" class=\"wp-image-923 size-full\" srcset=\"https:\/\/historisches-bucharchiv.de\/hb1\/wp-content\/uploads\/2024\/03\/ink-4109199-640.jpg 621w, https:\/\/historisches-bucharchiv.de\/hb1\/wp-content\/uploads\/2024\/03\/ink-4109199-640-291x300.jpg 291w\" sizes=\"auto, (max-width: 621px) 100vw, 621px\" \/><\/figure><div class=\"wp-block-media-text__content\">\n<h2 class=\"wp-block-heading\">Interesse trifft Kompetenz<\/h2>\n\n\n\n<p>Das Historische Bucharchiv vereint Leidenschaft und Wissen.<\/p>\n\n\n\n<p>Unsere Spezialit\u00e4t: Literatur vergangener Jahrhunderte sch\u00e4tzen, bewahren und sich die Zeit f\u00fcr Details g\u00f6nnen.<\/p>\n<\/div><\/div>\n\n\n\n<div style=\"height:50px\" aria-hidden=\"true\" class=\"wp-block-spacer\"><\/div>\n\n\n\n<div class=\"wp-block-media-text is-stacked-on-mobile\" style=\"grid-template-columns:25% auto\"><figure class=\"wp-block-media-text__media\"><img loading=\"lazy\" decoding=\"async\" width=\"484\" height=\"640\" src=\"https:\/\/historisches-bucharchiv.de\/hb1\/wp-content\/uploads\/2025\/02\/woman-7280499-640.jpg\" alt=\"\" class=\"wp-image-2790 size-full\"\/><\/figure><div class=\"wp-block-media-text__content\">\n<p><a href=\"https:\/\/historisches-bucharchiv.de\/hb1\/zur-person\/\" data-type=\"page\" data-id=\"18\">Claudine Hirschmann<\/a><\/p>\n\n\n\n<p>Autorin<\/p>\n<\/div><\/div>\n\n\n\n<div style=\"height:50px\" aria-hidden=\"true\" class=\"wp-block-spacer\"><\/div>\n\n\n\n<div class=\"wp-block-media-text is-stacked-on-mobile\" style=\"grid-template-columns:25% auto\"><figure class=\"wp-block-media-text__media\"><img loading=\"lazy\" decoding=\"async\" width=\"640\" height=\"638\" src=\"https:\/\/historisches-bucharchiv.de\/hb1\/wp-content\/uploads\/2025\/02\/newspaper-149623-640.jpg\" alt=\"\" class=\"wp-image-2788 size-full\" srcset=\"https:\/\/historisches-bucharchiv.de\/hb1\/wp-content\/uploads\/2025\/02\/newspaper-149623-640.jpg 640w, https:\/\/historisches-bucharchiv.de\/hb1\/wp-content\/uploads\/2025\/02\/newspaper-149623-640-300x300.jpg 300w, https:\/\/historisches-bucharchiv.de\/hb1\/wp-content\/uploads\/2025\/02\/newspaper-149623-640-150x150.jpg 150w\" sizes=\"auto, (max-width: 640px) 100vw, 640px\" \/><\/figure><div class=\"wp-block-media-text__content\">\n<p>Dr. Tankred Hirschmann<\/p>\n\n\n\n<p>Autor und Berater<\/p>\n<\/div><\/div>\n\n\n\n<div style=\"height:50px\" aria-hidden=\"true\" class=\"wp-block-spacer\"><\/div>\n\n\n\n<div class=\"wp-block-media-text is-stacked-on-mobile\" style=\"grid-template-columns:25% auto\"><figure class=\"wp-block-media-text__media\"><img loading=\"lazy\" decoding=\"async\" width=\"484\" height=\"640\" src=\"https:\/\/historisches-bucharchiv.de\/hb1\/wp-content\/uploads\/2025\/02\/woman-7280499-640.jpg\" alt=\"\" class=\"wp-image-2790 size-full\"\/><\/figure><div class=\"wp-block-media-text__content\">\n<p><a href=\"https:\/\/historisches-bucharchiv.de\/hb1\/in-liebevollem-gedenken\/\" data-type=\"page\" data-id=\"105\">Brigitte Hirschmann<\/a><\/p>\n\n\n\n<p>In lieber Erinnerung<\/p>\n<\/div><\/div>\n\n\n\n<div style=\"height:50px\" aria-hidden=\"true\" class=\"wp-block-spacer\"><\/div>\n\n\n\n<div class=\"wp-block-media-text is-stacked-on-mobile\" style=\"grid-template-columns:25% auto\"><figure class=\"wp-block-media-text__media\"><img loading=\"lazy\" decoding=\"async\" width=\"640\" height=\"638\" src=\"https:\/\/historisches-bucharchiv.de\/hb1\/wp-content\/uploads\/2025\/02\/newspaper-149623-640.jpg\" alt=\"\" class=\"wp-image-2788 size-full\" srcset=\"https:\/\/historisches-bucharchiv.de\/hb1\/wp-content\/uploads\/2025\/02\/newspaper-149623-640.jpg 640w, https:\/\/historisches-bucharchiv.de\/hb1\/wp-content\/uploads\/2025\/02\/newspaper-149623-640-300x300.jpg 300w, https:\/\/historisches-bucharchiv.de\/hb1\/wp-content\/uploads\/2025\/02\/newspaper-149623-640-150x150.jpg 150w\" sizes=\"auto, (max-width: 640px) 100vw, 640px\" \/><\/figure><div class=\"wp-block-media-text__content\">\n<p>Gerik Chirlek<\/p>\n\n\n\n<p>Autor<\/p>\n<\/div><\/div>\n\n\n\n<p><\/p>\n","protected":false},"excerpt":{"rendered":"<p>Interesse trifft Kompetenz Das Historische Bucharchiv vereint Leidenschaft und Wissen. Unsere Spezialit\u00e4t: Literatur vergangener Jahrhunderte sch\u00e4tzen, bewahren und sich die Zeit f\u00fcr Details g\u00f6nnen. Claudine Hirschmann Autorin Dr. Tankred Hirschmann Autor und Berater Brigitte Hirschmann In lieber Erinnerung Gerik Chirlek Autor<\/p>\n","protected":false},"author":1,"featured_media":0,"parent":0,"menu_order":0,"comment_status":"closed","ping_status":"closed","template":"","meta":{"zakra_page_container_layout":"customizer","zakra_page_sidebar_layout":"customizer","zakra_remove_content_margin":false,"zakra_sidebar":"customizer","zakra_transparent_header":"customizer","zakra_logo":0,"zakra_main_header_style":"default","zakra_menu_item_color":"","zakra_menu_item_hover_color":"","zakra_menu_item_active_color":"","zakra_menu_active_style":"","zakra_page_header":true,"iawp_total_views":31,"footnotes":""},"categories":[309],"tags":[],"class_list":["post-1066","page","type-page","status-publish","hentry","category-website"],"_links":{"self":[{"href":"https:\/\/historisches-bucharchiv.de\/hb1\/wp-json\/wp\/v2\/pages\/1066","targetHints":{"allow":["GET"]}}],"collection":[{"href":"https:\/\/historisches-bucharchiv.de\/hb1\/wp-json\/wp\/v2\/pages"}],"about":[{"href":"https:\/\/historisches-bucharchiv.de\/hb1\/wp-json\/wp\/v2\/types\/page"}],"author":[{"embeddable":true,"href":"https:\/\/historisches-bucharchiv.de\/hb1\/wp-json\/wp\/v2\/users\/1"}],"replies":[{"embeddable":true,"href":"https:\/\/historisches-bucharchiv.de\/hb1\/wp-json\/wp\/v2\/comments?post=1066"}],"version-history":[{"count":13,"href":"https:\/\/historisches-bucharchiv.de\/hb1\/wp-json\/wp\/v2\/pages\/1066\/revisions"}],"predecessor-version":[{"id":3356,"href":"https:\/\/historisches-bucharchiv.de\/hb1\/wp-json\/wp\/v2\/pages\/1066\/revisions\/3356"}],"wp:attachment":[{"href":"https:\/\/historisches-bucharchiv.de\/hb1\/wp-json\/wp\/v2\/media?parent=1066"}],"wp:term":[{"taxonomy":"category","embeddable":true,"href":"https:\/\/historisches-bucharchiv.de\/hb1\/wp-json\/wp\/v2\/categories?post=1066"},{"taxonomy":"post_tag","embeddable":true,"href":"https:\/\/historisches-bucharchiv.de\/hb1\/wp-json\/wp\/v2\/tags?post=1066"}],"curies":[{"name":"wp","href":"https:\/\/api.w.org\/{rel}","templated":true}]}}