{"id":18,"date":"2021-01-18T21:40:30","date_gmt":"2021-01-18T20:40:30","guid":{"rendered":"https:\/\/historisches-archiv.de\/ha1\/?page_id=18"},"modified":"2026-03-23T18:55:07","modified_gmt":"2026-03-23T17:55:07","slug":"zur-person","status":"publish","type":"page","link":"https:\/\/historisches-bucharchiv.de\/hb1\/zur-person\/","title":{"rendered":"Claudine Hirschmann"},"content":{"rendered":"\n<h2 class=\"wp-block-heading has-text-align-center\">Autorin aus Leidenschaft<\/h2>\n\n\n\n<p style=\"border-style:none;border-width:0px;margin-top:0;margin-right:0;margin-bottom:0;margin-left:0\">Claudine Hirschmann, Jahrgang 1970, wollte den Dingen stets auf den Grund gehen, begeisterte sich allerdings nicht nur f\u00fcr Wasser-\/Rettungssport, sondern absolvierte fr\u00fchzeitig bereits eine Ausbildung in Schauspiel, Instrumentalmusik und klassischem Gesang. Ihr Studium gestaltete sich ebenso interdisziplin\u00e4r, doch die Pal\u00e4ografie entwickelte sich bei ihr zu einer Leidenschaft.<\/p>\n\n\n\n<p style=\"margin-right:0;margin-left:0\">Seit Ende der 80iger Jahre hat sie ihren Platz in der Welt des Buches gefunden, wobei das Genre durchaus zwischen Lyrik, Belletristik und Sachbuch wechseln kann.<\/p>\n\n\n\n<p style=\"margin-right:0;margin-left:0\">Staubige Archive, ggf. gar unter dem Dach eines Kirchturms, der gerade von einem Sturm eingeh\u00fcllt ist, haben ihren eigenen Charme und f\u00fcr sie eine besondere Anziehungskraft.<\/p>\n\n\n\n<p style=\"border-style:none;border-width:0px;margin-right:0;margin-left:0\">Nachdem Hirschmanns Buchreihe \u00bbAuf historischen Spuren\u00ab bereits vor Jahren positiven Anklang fand, engagiert sich die Autorin seither als Pal\u00e4ografin und Archivarin f\u00fcr den Erhalt und die Zug\u00e4nglichkeit von Literatur vergangener Jahrhunderte. Wobei k\u00fcnftig Streifz\u00fcge in neuzeitliche Themen gar nicht ausgeschlossen sind.<\/p>\n\n\n\n<div class=\"wp-block-media-text has-media-on-the-right is-stacked-on-mobile\"><div class=\"wp-block-media-text__content\">\n<p style=\"margin-right:0;margin-left:0\">Privat nutzt Claudine Hirschmann gern den Blick in noch unbekannte Wissensgebiete, interessiert sich f\u00fcr diverse Facetten der darstellenden Kunst und setzt sich als Nachfolgegeneration mit der Leipziger Stadtgeschichte auseinander. Inzwischen lebt Claudine Hirschmann als freie Autorin in Leipzig sowie K\u00f6ln.<\/p>\n\n\n\n<p style=\"margin-right:0;margin-left:0\">Schlie\u00dfen Sie doch Bekanntschaft auf einer der Buchmessen in Leipzig, Frankfurt, Basel, Riga (oder Jerusalem).<\/p>\n<\/div><figure class=\"wp-block-media-text__media\"><img loading=\"lazy\" decoding=\"async\" width=\"1024\" height=\"768\" src=\"https:\/\/historisches-bucharchiv.de\/hb1\/wp-content\/uploads\/2024\/02\/rimg0016-1024x768.jpg\" alt=\"\" class=\"wp-image-682 size-full\" srcset=\"https:\/\/historisches-bucharchiv.de\/hb1\/wp-content\/uploads\/2024\/02\/rimg0016-1024x768.jpg 1024w, https:\/\/historisches-bucharchiv.de\/hb1\/wp-content\/uploads\/2024\/02\/rimg0016-300x225.jpg 300w, https:\/\/historisches-bucharchiv.de\/hb1\/wp-content\/uploads\/2024\/02\/rimg0016-768x576.jpg 768w, https:\/\/historisches-bucharchiv.de\/hb1\/wp-content\/uploads\/2024\/02\/rimg0016-1536x1152.jpg 1536w, https:\/\/historisches-bucharchiv.de\/hb1\/wp-content\/uploads\/2024\/02\/rimg0016-2048x1536.jpg 2048w\" sizes=\"auto, (max-width: 1024px) 100vw, 1024px\" \/><\/figure><\/div>\n\n\n\n<p class=\"has-text-align-right has-small-font-size\">(c) Privatarchiv<\/p>\n\n\n\n<p><\/p>\n\n\n\n<p><\/p>\n","protected":false},"excerpt":{"rendered":"<p>Autorin aus Leidenschaft Claudine Hirschmann, Jahrgang 1970, wollte den Dingen stets auf den Grund gehen, begeisterte sich allerdings nicht nur f\u00fcr Wasser-\/Rettungssport, sondern absolvierte fr\u00fchzeitig bereits eine Ausbildung in Schauspiel, Instrumentalmusik und klassischem Gesang. Ihr Studium gestaltete sich ebenso interdisziplin\u00e4r, doch die Pal\u00e4ografie entwickelte sich bei ihr zu einer Leidenschaft. Seit Ende der 80iger Jahre [&hellip;]<\/p>\n","protected":false},"author":1,"featured_media":0,"parent":0,"menu_order":9,"comment_status":"closed","ping_status":"closed","template":"","meta":{"zakra_page_container_layout":"customizer","zakra_page_sidebar_layout":"customizer","zakra_remove_content_margin":false,"zakra_sidebar":"customizer","zakra_transparent_header":"customizer","zakra_logo":0,"zakra_main_header_style":"default","zakra_menu_item_color":"","zakra_menu_item_hover_color":"","zakra_menu_item_active_color":"","zakra_menu_active_style":"","zakra_page_header":true,"iawp_total_views":44,"footnotes":""},"categories":[309],"tags":[],"class_list":["post-18","page","type-page","status-publish","hentry","category-website"],"_links":{"self":[{"href":"https:\/\/historisches-bucharchiv.de\/hb1\/wp-json\/wp\/v2\/pages\/18","targetHints":{"allow":["GET"]}}],"collection":[{"href":"https:\/\/historisches-bucharchiv.de\/hb1\/wp-json\/wp\/v2\/pages"}],"about":[{"href":"https:\/\/historisches-bucharchiv.de\/hb1\/wp-json\/wp\/v2\/types\/page"}],"author":[{"embeddable":true,"href":"https:\/\/historisches-bucharchiv.de\/hb1\/wp-json\/wp\/v2\/users\/1"}],"replies":[{"embeddable":true,"href":"https:\/\/historisches-bucharchiv.de\/hb1\/wp-json\/wp\/v2\/comments?post=18"}],"version-history":[{"count":16,"href":"https:\/\/historisches-bucharchiv.de\/hb1\/wp-json\/wp\/v2\/pages\/18\/revisions"}],"predecessor-version":[{"id":3359,"href":"https:\/\/historisches-bucharchiv.de\/hb1\/wp-json\/wp\/v2\/pages\/18\/revisions\/3359"}],"wp:attachment":[{"href":"https:\/\/historisches-bucharchiv.de\/hb1\/wp-json\/wp\/v2\/media?parent=18"}],"wp:term":[{"taxonomy":"category","embeddable":true,"href":"https:\/\/historisches-bucharchiv.de\/hb1\/wp-json\/wp\/v2\/categories?post=18"},{"taxonomy":"post_tag","embeddable":true,"href":"https:\/\/historisches-bucharchiv.de\/hb1\/wp-json\/wp\/v2\/tags?post=18"}],"curies":[{"name":"wp","href":"https:\/\/api.w.org\/{rel}","templated":true}]}}